{"id":25,"date":"2021-10-21T03:37:58","date_gmt":"2021-10-21T03:37:58","guid":{"rendered":"https:\/\/wpocean.com\/wp\/cleener\/?page_id=25"},"modified":"2025-06-03T09:16:00","modified_gmt":"2025-06-03T09:16:00","slug":"about","status":"publish","type":"page","link":"https:\/\/reinigung.ja-gold.de\/?page_id=25","title":{"rendered":"About"},"content":{"rendered":"\t\t<div data-elementor-type=\"wp-page\" data-elementor-id=\"25\" class=\"elementor elementor-25\">\n\t\t\t\t\t\t<section class=\"elementor-section elementor-top-section elementor-element elementor-element-90eb145 elementor-section-full_width elementor-section-height-default elementor-section-height-default\" data-id=\"90eb145\" data-element_type=\"section\" data-settings=\"{&quot;background_background&quot;:&quot;classic&quot;}\">\n\t\t\t\t\t\t<div class=\"elementor-container elementor-column-gap-no\">\n\t\t\t\t\t<div class=\"elementor-column elementor-col-100 elementor-top-column elementor-element elementor-element-a5d7bd9\" data-id=\"a5d7bd9\" data-element_type=\"column\">\n\t\t\t<div class=\"elementor-widget-wrap elementor-element-populated\">\n\t\t\t\t\t\t<div class=\"elementor-element elementor-element-f08f5b8 elementor-widget elementor-widget-wpo-cleener_about\" data-id=\"f08f5b8\" data-element_type=\"widget\" data-settings=\"{&quot;about_image&quot;:{&quot;url&quot;:&quot;http:\\\/\\\/wpocean.com\\\/wp\\\/cleener\\\/wp-content\\\/uploads\\\/2021\\\/10\\\/about.jpg&quot;,&quot;id&quot;:779,&quot;size&quot;:&quot;&quot;,&quot;alt&quot;:&quot;&quot;,&quot;source&quot;:&quot;library&quot;},&quot;about_signature&quot;:{&quot;url&quot;:&quot;http:\\\/\\\/wpocean.com\\\/wp\\\/cleener\\\/wp-content\\\/uploads\\\/2021\\\/10\\\/signeture.png&quot;,&quot;id&quot;:780,&quot;size&quot;:&quot;&quot;,&quot;alt&quot;:&quot;&quot;,&quot;source&quot;:&quot;library&quot;}}\" data-widget_type=\"wpo-cleener_about.default\">\n\t\t\t\t<div class=\"elementor-widget-container\">\n\t\t\t\t\t\t\t<div class=\"wpo-about-section\">\n\t\t\t<div class=\"container\">\n\t\t\t\t<div class=\"wpo-about-section-wrapper\">\n\t\t\t\t\t<div class=\"row align-items-center\">\n\t\t\t\t\t\t<div class=\"col-lg-5 col-md-12 col-12\">\n\t\t\t\t\t\t\t<div class=\"wpo-about-img\">\n\t\t\t\t\t\t\t\t<img decoding=\"async\" src=\"https:\/\/reinigung.ja-gold.de\/wp-content\/uploads\/2021\/10\/about.jpg\" alt=\"\">\t\t\t\t\t\t\t<\/div>\n\t\t\t\t\t\t<\/div>\n\t\t\t\t\t\t<div class=\"col-lg-7 col-md-12 col-12\">\n\t\t\t\t\t\t\t<div class=\"wpo-about-content\">\n\t\t\t\t\t\t\t\t<div class=\"wpo-section-title-s2\">\n\t\t\t\t\t\t\t\t\t<h2>\u00dcber 2 Jahre Erfahrung im Reinigungsservice<\/h2>\t\t\t\t\t\t\t\t<\/div>\n\t\t\t\t\t\t\t\t<div class=\"wpo-about-content-inner\">\n\t\t\t\t\t\t\t\t\t<h2 data-start=\"188\" data-end=\"199\">\u00a0<\/h2><p data-start=\"201\" data-end=\"503\"><strong data-start=\"201\" data-end=\"222\">JA-Gold Reinigung<\/strong> ist Ihr zuverl\u00e4ssiger Ansprechpartner f\u00fcr professionelle Reinigungsdienstleistungen in <strong data-start=\"310\" data-end=\"323\">Heilbronn<\/strong> und Umgebung. Unser Anspruch ist es, durch Sauberkeit und Sorgfalt eine angenehme und hygienische Umgebung f\u00fcr unsere Kunden zu schaffen \u2013 im privaten wie im gewerblichen Bereich.<\/p><p data-start=\"505\" data-end=\"813\">Wir bieten spezialisierte Reinigungsdienste wie <strong data-start=\"553\" data-end=\"588\">B\u00fcroreinigung, Fensterreinigung<\/strong> und <strong data-start=\"593\" data-end=\"612\">Bauendreinigung<\/strong> an \u2013 stets individuell abgestimmt auf Ihre Anforderungen. Unser Team besteht aus geschulten Fachkr\u00e4ften, die mit moderner Ausr\u00fcstung, umweltfreundlichen Reinigungsmitteln und viel Engagement arbeiten.<\/p><p data-start=\"815\" data-end=\"1015\">Was uns auszeichnet? <strong data-start=\"836\" data-end=\"902\">Zuverl\u00e4ssigkeit, P\u00fcnktlichkeit und h\u00f6chste Reinigungsqualit\u00e4t.<\/strong> Bei JA-Gold Reinigung steht Ihre Zufriedenheit im Mittelpunkt \u2013 denn wir sind erst zufrieden, wenn alles gl\u00e4nzt.<\/p><p>\u00a0<\/p>\t\t\t\t\t\t\t\t\t<div class=\"signeture\">\n\t\t\t\t\t\t\t\t\t\t<h4>Mohamed<\/h4><p>JA-Gold  CEO<\/p>\t\t\t\t\t\t\t\t\t\t<span>\n\t\t\t\t\t\t\t\t\t\t\t<img decoding=\"async\" src=\"https:\/\/reinigung.ja-gold.de\/wp-content\/uploads\/2021\/10\/signeture.png\" alt=\"\">\t\t\t\t\t\t\t\t\t\t<\/span>\n\t\t\t\t\t\t\t\t\t<\/div>\n\t\t\t\t\t\t\t\t<\/div>\n\t\t\t\t\t\t\t<\/div>\n\t\t\t\t\t\t<\/div>\n\t\t\t\t\t<\/div>\n\t\t\t\t<\/div>\n\t\t\t<\/div>\n\t\t<\/div>\n\t\t\t\t<\/div>\n\t\t\t\t<\/div>\n\t\t\t\t\t<\/div>\n\t\t<\/div>\n\t\t\t\t\t<\/div>\n\t\t<\/section>\n\t\t\t\t<section class=\"elementor-section elementor-top-section elementor-element elementor-element-0036086 elementor-section-full_width elementor-section-height-default elementor-section-height-default\" data-id=\"0036086\" data-element_type=\"section\">\n\t\t\t\t\t\t<div class=\"elementor-container elementor-column-gap-no\">\n\t\t\t\t\t<div class=\"elementor-column elementor-col-100 elementor-top-column elementor-element elementor-element-9d8aadc\" data-id=\"9d8aadc\" data-element_type=\"column\">\n\t\t\t<div class=\"elementor-widget-wrap elementor-element-populated\">\n\t\t\t\t\t\t<div class=\"elementor-element elementor-element-a9a9a06 elementor-widget elementor-widget-wpo-cleener_service\" data-id=\"a9a9a06\" data-element_type=\"widget\" data-widget_type=\"wpo-cleener_service.default\">\n\t\t\t\t<div class=\"elementor-widget-container\">\n\t\t\t\t\t\t\t\t<div class=\"wpo-service-wrap wpo-service-section\">\n\t\t\t\t<div class=\"container\">\n\t\t\t\t\t<div class=\"row align-items-center justify-content-between\">\n\t\t\t\t\t\t<div class=\"col-lg-5\">\n\t\t\t\t\t\t\t<div class=\"wpo-section-title-s2\">\n\t\t\t\t\t\t\t\t<h2>What We Do?<\/h2><p>It was popularized with the release of desktop publishing software-like versions.<\/p>\t\t\t\t\t\t\t<\/div>\n\t\t\t\t\t\t<\/div>\n\t\t\t\t\t\t<div class=\"col-lg-7\">\n\t\t\t\t\t\t\t<div class=\"wpo-service-tabs\">\n\t\t\t\t\t\t\t\t<ul class=\"nav nav-tabs\" id=\"myTab\" role=\"tablist\">\n\n\t\t\t\t\t\t\t\t\t<li class=\"nav-item\" role=\"presentation\">\n\t\t\t\t\t\t\t\t\t\t<a class=\"nav-link theme-btn active\" id=\"residential-tab\" data-bs-toggle=\"tab\" href=\"#residential\" role=\"tab\" aria-controls=\"residential\" aria-selected=\"true\">\n\t\t\t\t\t\t\t\t\t\t\t<i class=\"ti-home\"><\/i>Residential\t\t\t\t\t\t\t\t\t\t<\/a>\n\t\t\t\t\t\t\t\t\t<\/li>\n\t\t\t\t\t\t\t\t\t<li class=\"nav-item\" role=\"presentation\">\n\t\t\t\t\t\t\t\t\t\t<a class=\"nav-link theme-btn\" id=\"commercial-tab\" data-bs-toggle=\"tab\" href=\"#commercial\" role=\"tab\" aria-controls=\"commercial\" aria-selected=\"false\">\n\t\t\t\t\t\t\t\t\t\t\t<i class=\"ti-brush-alt\"><\/i>Commercial\t\t\t\t\t\t\t\t\t\t<\/a>\n\t\t\t\t\t\t\t\t\t<\/li>\n\n\t\t\t\t\t\t\t\t<\/ul>\n\t\t\t\t\t\t\t<\/div>\n\t\t\t\t\t\t<\/div>\n\t\t\t\t\t<\/div>\n\t\t\t\t\t<!-- Tab panes -->\n\n\n\t\t\t\t\t<div class=\"tab-content\">\n\t\t\t\t\t\t<div role=\"tabpanel\" class=\"tab-pane fade in show active\" id=\"residential\">\n\t\t\t\t\t\t\t<div class=\"wpo-service-wrap wpo-service-slide owl-carousel\">\n\t\t\t\t\t\t\t\t\t\t\t\t\t\t\t\t\t\t<div class=\"col\">\n\t\t\t\t\t\t\t\t\t\t\t<div class=\"wpo-service-item\">\n\t\t\t\t\t\t\t\t\t\t\t\t<div class=\"wpo-service-icon\">\n\t\t\t\t\t\t\t\t\t\t\t\t\t<div class=\"icon\">\n\t\t\t\t\t\t\t\t\t\t\t\t\t\t\t\t\t\t\t\t\t\t\t\t\t\t\t<\/div>\n\t\t\t\t\t\t\t\t\t\t\t\t<\/div>\n\t\t\t\t\t\t\t\t\t\t\t\t<div class=\"wpo-service-text\">\n\t\t\t\t\t\t\t\t\t\t\t\t\t<h2>\n\t\t\t\t\t\t\t\t\t\t\t\t\t\t<a href=\"https:\/\/reinigung.ja-gold.de\/?service=badezimmerreinigungsservice\">\n\t\t\t\t\t\t\t\t\t\t\t\t\t\t\tBadezimmer Reinigungs\t\t\t\t\t\t\t\t\t\t\t\t\t\t<\/a>\n\t\t\t\t\t\t\t\t\t\t\t\t\t<\/h2>\n\t\t\t\t\t\t\t\t\t\t\t\t\t\t\t\t\t\t\t\t\t\t\t\t\t<\/div>\n\t\t\t\t\t\t\t\t\t\t\t<\/div>\n\t\t\t\t\t\t\t\t\t\t<\/div>\n\t\t\t\t\t\t\t\t\t\t\t\t\t\t\t\t\t\t<div class=\"col\">\n\t\t\t\t\t\t\t\t\t\t\t<div class=\"wpo-service-item\">\n\t\t\t\t\t\t\t\t\t\t\t\t<div class=\"wpo-service-icon\">\n\t\t\t\t\t\t\t\t\t\t\t\t\t<div class=\"icon\">\n\t\t\t\t\t\t\t\t\t\t\t\t\t\t\t\t\t\t\t\t\t\t\t\t\t\t\t<\/div>\n\t\t\t\t\t\t\t\t\t\t\t\t<\/div>\n\t\t\t\t\t\t\t\t\t\t\t\t<div class=\"wpo-service-text\">\n\t\t\t\t\t\t\t\t\t\t\t\t\t<h2>\n\t\t\t\t\t\t\t\t\t\t\t\t\t\t<a href=\"https:\/\/reinigung.ja-gold.de\/?service=kuchenreinigungsservice\">\n\t\t\t\t\t\t\t\t\t\t\t\t\t\t\tK\u00fcchen Reinigungs\t\t\t\t\t\t\t\t\t\t\t\t\t\t<\/a>\n\t\t\t\t\t\t\t\t\t\t\t\t\t<\/h2>\n\t\t\t\t\t\t\t\t\t\t\t\t\t\t\t\t\t\t\t\t\t\t\t\t\t<\/div>\n\t\t\t\t\t\t\t\t\t\t\t<\/div>\n\t\t\t\t\t\t\t\t\t\t<\/div>\n\t\t\t\t\t\t\t\t\t\t\t\t\t\t\t\t\t\t<div class=\"col\">\n\t\t\t\t\t\t\t\t\t\t\t<div class=\"wpo-service-item\">\n\t\t\t\t\t\t\t\t\t\t\t\t<div class=\"wpo-service-icon\">\n\t\t\t\t\t\t\t\t\t\t\t\t\t<div class=\"icon\">\n\t\t\t\t\t\t\t\t\t\t\t\t\t\t\t\t\t\t\t\t\t\t\t\t\t\t\t<\/div>\n\t\t\t\t\t\t\t\t\t\t\t\t<\/div>\n\t\t\t\t\t\t\t\t\t\t\t\t<div class=\"wpo-service-text\">\n\t\t\t\t\t\t\t\t\t\t\t\t\t<h2>\n\t\t\t\t\t\t\t\t\t\t\t\t\t\t<a href=\"https:\/\/reinigung.ja-gold.de\/?service=express-reinigungsservice\">\n\t\t\t\t\t\t\t\t\t\t\t\t\t\t\tExpress-Reinigungs\t\t\t\t\t\t\t\t\t\t\t\t\t\t<\/a>\n\t\t\t\t\t\t\t\t\t\t\t\t\t<\/h2>\n\t\t\t\t\t\t\t\t\t\t\t\t\t\t\t\t\t\t\t\t\t\t\t\t\t<\/div>\n\t\t\t\t\t\t\t\t\t\t\t<\/div>\n\t\t\t\t\t\t\t\t\t\t<\/div>\n\t\t\t\t\t\t\t\t\t\t\t\t\t\t\t\t\t\t<div class=\"col\">\n\t\t\t\t\t\t\t\t\t\t\t<div class=\"wpo-service-item\">\n\t\t\t\t\t\t\t\t\t\t\t\t<div class=\"wpo-service-icon\">\n\t\t\t\t\t\t\t\t\t\t\t\t\t<div class=\"icon\">\n\t\t\t\t\t\t\t\t\t\t\t\t\t\t\t\t\t\t\t\t\t\t\t\t\t\t\t<\/div>\n\t\t\t\t\t\t\t\t\t\t\t\t<\/div>\n\t\t\t\t\t\t\t\t\t\t\t\t<div class=\"wpo-service-text\">\n\t\t\t\t\t\t\t\t\t\t\t\t\t<h2>\n\t\t\t\t\t\t\t\t\t\t\t\t\t\t<a href=\"https:\/\/reinigung.ja-gold.de\/?service=teppichreinigungsservice\">\n\t\t\t\t\t\t\t\t\t\t\t\t\t\t\tTeppichreinigungs\t\t\t\t\t\t\t\t\t\t\t\t\t\t<\/a>\n\t\t\t\t\t\t\t\t\t\t\t\t\t<\/h2>\n\t\t\t\t\t\t\t\t\t\t\t\t\t\t\t\t\t\t\t\t\t\t\t\t\t<\/div>\n\t\t\t\t\t\t\t\t\t\t\t<\/div>\n\t\t\t\t\t\t\t\t\t\t<\/div>\n\t\t\t\t\t\t\t\t\t\t\t\t\t\t\t\t\t\t<div class=\"col\">\n\t\t\t\t\t\t\t\t\t\t\t<div class=\"wpo-service-item\">\n\t\t\t\t\t\t\t\t\t\t\t\t<div class=\"wpo-service-icon\">\n\t\t\t\t\t\t\t\t\t\t\t\t\t<div class=\"icon\">\n\t\t\t\t\t\t\t\t\t\t\t\t\t\t\t\t\t\t\t\t\t\t\t\t\t\t\t<\/div>\n\t\t\t\t\t\t\t\t\t\t\t\t<\/div>\n\t\t\t\t\t\t\t\t\t\t\t\t<div class=\"wpo-service-text\">\n\t\t\t\t\t\t\t\t\t\t\t\t\t<h2>\n\t\t\t\t\t\t\t\t\t\t\t\t\t\t<a href=\"https:\/\/reinigung.ja-gold.de\/?service=fensterreinigungsservice\">\n\t\t\t\t\t\t\t\t\t\t\t\t\t\t\tFensterreinigungs\t\t\t\t\t\t\t\t\t\t\t\t\t\t<\/a>\n\t\t\t\t\t\t\t\t\t\t\t\t\t<\/h2>\n\t\t\t\t\t\t\t\t\t\t\t\t\t\t\t\t\t\t\t\t\t\t\t\t\t<\/div>\n\t\t\t\t\t\t\t\t\t\t\t<\/div>\n\t\t\t\t\t\t\t\t\t\t<\/div>\n\t\t\t\t\t\t\t\t\t\t\t\t\t\t\t<\/div>\n\t\t\t\t\t\t<\/div>\n\n\t\t\t\t\t\t<div role=\"tabpanel\" class=\"tab-pane fade\" id=\"commercial\">\n\t\t\t\t\t\t\t<div class=\"wpo-service-wrap wpo-service-slide owl-carousel\">\n\t\t\t\t\t\t\t\t\t\t\t\t\t\t\t<\/div>\n\t\t\t\t\t\t<\/div>\n\n\t\t\t\t\t<\/div>\n\t\t\t\t<\/div>\n\t\t\t<\/div>\n\n\t\t\t\t<\/div>\n\t\t\t\t<\/div>\n\t\t\t\t\t<\/div>\n\t\t<\/div>\n\t\t\t\t\t<\/div>\n\t\t<\/section>\n\t\t\t\t<section class=\"elementor-section elementor-top-section elementor-element elementor-element-5bd80ba elementor-section-full_width elementor-section-height-default elementor-section-height-default\" data-id=\"5bd80ba\" data-element_type=\"section\" data-settings=\"{&quot;background_background&quot;:&quot;classic&quot;}\">\n\t\t\t\t\t\t\t<div class=\"elementor-background-overlay\"><\/div>\n\t\t\t\t\t\t\t<div class=\"elementor-container elementor-column-gap-no\">\n\t\t\t\t\t<div class=\"elementor-column elementor-col-100 elementor-top-column elementor-element elementor-element-8f3b69a\" data-id=\"8f3b69a\" data-element_type=\"column\">\n\t\t\t<div class=\"elementor-widget-wrap elementor-element-populated\">\n\t\t\t\t\t\t<div class=\"elementor-element elementor-element-47827d2 elementor-widget elementor-widget-wpo-cleener_title\" data-id=\"47827d2\" data-element_type=\"widget\" data-widget_type=\"wpo-cleener_title.default\">\n\t\t\t\t<div class=\"elementor-widget-container\">\n\t\t\t\t\t\t\t<div class=\"section-title-area\">\n\t\t\t<div class=\"row align-items-center justify-content-center\">\n\t\t\t\t<div class=\"col-lg-5\">\n\t\t\t\t\t<div class=\"wpo-section-title\">\n\t\t\t\t\t\t<h2>Expert Cleaners<\/h2><p>Find company research, competitor information, contact details &amp; financial data for Expert Cleaners of Portales.<\/p>\t\t\t\t\t<\/div>\n\t\t\t\t<\/div>\n\t\t\t<\/div>\n\t\t<\/div>\n\t\t\t\t<\/div>\n\t\t\t\t<\/div>\n\t\t\t\t<div class=\"elementor-element elementor-element-c458261 elementor-widget elementor-widget-wpo-cleener_team\" data-id=\"c458261\" data-element_type=\"widget\" data-widget_type=\"wpo-cleener_team.default\">\n\t\t\t\t<div class=\"elementor-widget-container\">\n\t\t\t\t\t\t\t<div class=\"wpo-team-section\">\n\t\t\t<div class=\"container\">\n\t\t\t\t<div class=\"wpo-team-wrap\">\n\t\t\t\t\t<div class=\"row\">\n\t\t\t\t\t\t\t\t\t\t\t\t\t\t<div class=\"col col-lg-6 col-md-12 col-12\">\n\t\t\t\t\t\t\t\t\t<div class=\"wpo-team-item\">\n\t\t\t\t\t\t\t\t\t\t<div class=\"wpo-team-img\">\n\t\t\t\t\t\t\t\t\t\t\t<img decoding=\"async\" class=\"img-responlsive\" src=\"https:\/\/reinigung.ja-gold.de\/wp-content\/uploads\/2021\/10\/team-1.jpg\" alt=\"\">\t\t\t\t\t\t\t\t\t\t<\/div>\n\t\t\t\t\t\t\t\t\t\t<div class=\"wpo-team-text\">\n\t\t\t\t\t\t\t\t\t\t\t<span>Cleaner Leader<\/span><h2>Brubaker Nika<\/h2>\t\t\t\t\t\t\t\t\t\t\t<div class=\"social\">\n\t\t\t\t\t\t\t\t\t\t\t\t<ul>\n\t\t\t\t\t\t\t\t\t\t\t\t\t<li><a href=\"#\"><i class=\"ti-facebook\"><\/i><\/a><\/li><li><a href=\"#\"><i class=\"ti-twitter-alt\"><\/i><\/a><\/li><li><a href=\"#\"><i class=\"ti-pinterest\"><\/i><\/a><\/li>\t\t\t\t\t\t\t\t\t\t\t\t<\/ul>\n\t\t\t\t\t\t\t\t\t\t\t<\/div>\n\t\t\t\t\t\t\t\t\t\t<\/div>\n\t\t\t\t\t\t\t\t\t<\/div>\n\t\t\t\t\t\t\t\t<\/div>\n\t\t\t\t\t\t\t\t\t\t\t\t\t\t<div class=\"col col-lg-6 col-md-12 col-12\">\n\t\t\t\t\t\t\t\t\t<div class=\"wpo-team-item\">\n\t\t\t\t\t\t\t\t\t\t<div class=\"wpo-team-img\">\n\t\t\t\t\t\t\t\t\t\t\t<img decoding=\"async\" class=\"img-responlsive\" src=\"https:\/\/reinigung.ja-gold.de\/wp-content\/uploads\/2021\/10\/team-1.jpg\" alt=\"\">\t\t\t\t\t\t\t\t\t\t<\/div>\n\t\t\t\t\t\t\t\t\t\t<div class=\"wpo-team-text\">\n\t\t\t\t\t\t\t\t\t\t\t<span>Cleaner Leader<\/span><h2>Mayola Loy<\/h2>\t\t\t\t\t\t\t\t\t\t\t<div class=\"social\">\n\t\t\t\t\t\t\t\t\t\t\t\t<ul>\n\t\t\t\t\t\t\t\t\t\t\t\t\t<li><a href=\"#\"><i class=\"ti-facebook\"><\/i><\/a><\/li><li><a href=\"#\"><i class=\"ti-twitter-alt\"><\/i><\/a><\/li><li><a href=\"#\"><i class=\"ti-pinterest\"><\/i><\/a><\/li>\t\t\t\t\t\t\t\t\t\t\t\t<\/ul>\n\t\t\t\t\t\t\t\t\t\t\t<\/div>\n\t\t\t\t\t\t\t\t\t\t<\/div>\n\t\t\t\t\t\t\t\t\t<\/div>\n\t\t\t\t\t\t\t\t<\/div>\n\t\t\t\t\t\t\t\t\t\t\t\t\t\t<div class=\"col col-lg-6 col-md-12 col-12\">\n\t\t\t\t\t\t\t\t\t<div class=\"wpo-team-item\">\n\t\t\t\t\t\t\t\t\t\t<div class=\"wpo-team-img\">\n\t\t\t\t\t\t\t\t\t\t\t<img decoding=\"async\" class=\"img-responlsive\" src=\"https:\/\/reinigung.ja-gold.de\/wp-content\/uploads\/2021\/10\/team-3.jpg\" alt=\"\">\t\t\t\t\t\t\t\t\t\t<\/div>\n\t\t\t\t\t\t\t\t\t\t<div class=\"wpo-team-text\">\n\t\t\t\t\t\t\t\t\t\t\t<span>Cleaner Leader<\/span><h2>Alone Mabry<\/h2>\t\t\t\t\t\t\t\t\t\t\t<div class=\"social\">\n\t\t\t\t\t\t\t\t\t\t\t\t<ul>\n\t\t\t\t\t\t\t\t\t\t\t\t\t<li><a href=\"#\"><i class=\"ti-facebook\"><\/i><\/a><\/li><li><a href=\"#\"><i class=\"ti-twitter-alt\"><\/i><\/a><\/li><li><a href=\"#\"><i class=\"ti-pinterest\"><\/i><\/a><\/li>\t\t\t\t\t\t\t\t\t\t\t\t<\/ul>\n\t\t\t\t\t\t\t\t\t\t\t<\/div>\n\t\t\t\t\t\t\t\t\t\t<\/div>\n\t\t\t\t\t\t\t\t\t<\/div>\n\t\t\t\t\t\t\t\t<\/div>\n\t\t\t\t\t\t\t\t\t\t\t\t\t\t<div class=\"col col-lg-6 col-md-12 col-12\">\n\t\t\t\t\t\t\t\t\t<div class=\"wpo-team-item\">\n\t\t\t\t\t\t\t\t\t\t<div class=\"wpo-team-img\">\n\t\t\t\t\t\t\t\t\t\t\t<img decoding=\"async\" class=\"img-responlsive\" src=\"https:\/\/reinigung.ja-gold.de\/wp-content\/uploads\/2021\/10\/team-4.jpg\" alt=\"\">\t\t\t\t\t\t\t\t\t\t<\/div>\n\t\t\t\t\t\t\t\t\t\t<div class=\"wpo-team-text\">\n\t\t\t\t\t\t\t\t\t\t\t<span>Cleaner Expert<\/span><h2>Peter Millard<\/h2>\t\t\t\t\t\t\t\t\t\t\t<div class=\"social\">\n\t\t\t\t\t\t\t\t\t\t\t\t<ul>\n\t\t\t\t\t\t\t\t\t\t\t\t\t<li><a href=\"#\"><i class=\"ti-facebook\"><\/i><\/a><\/li><li><a href=\"#\"><i class=\"ti-twitter-alt\"><\/i><\/a><\/li><li><a href=\"#\"><i class=\"ti-pinterest\"><\/i><\/a><\/li>\t\t\t\t\t\t\t\t\t\t\t\t<\/ul>\n\t\t\t\t\t\t\t\t\t\t\t<\/div>\n\t\t\t\t\t\t\t\t\t\t<\/div>\n\t\t\t\t\t\t\t\t\t<\/div>\n\t\t\t\t\t\t\t\t<\/div>\n\t\t\t\t\t\t\t\t\t\t\t<\/div>\n\t\t\t\t<\/div>\n\t\t\t<\/div> <!-- end container -->\n\t\t<\/div>\n\t\t\t\t<\/div>\n\t\t\t\t<\/div>\n\t\t\t\t\t<\/div>\n\t\t<\/div>\n\t\t\t\t\t<\/div>\n\t\t<\/section>\n\t\t\t\t<section class=\"elementor-section elementor-top-section elementor-element elementor-element-3348710 elementor-section-full_width elementor-section-height-default elementor-section-height-default\" data-id=\"3348710\" data-element_type=\"section\" data-settings=\"{&quot;background_background&quot;:&quot;classic&quot;}\">\n\t\t\t\t\t\t<div class=\"elementor-container elementor-column-gap-no\">\n\t\t\t\t\t<div class=\"elementor-column elementor-col-100 elementor-top-column elementor-element elementor-element-64635c9\" data-id=\"64635c9\" data-element_type=\"column\">\n\t\t\t<div class=\"elementor-widget-wrap elementor-element-populated\">\n\t\t\t\t\t\t<div class=\"elementor-element elementor-element-1ac05c9 elementor-widget elementor-widget-wpo-cleener_blog\" data-id=\"1ac05c9\" data-element_type=\"widget\" data-widget_type=\"wpo-cleener_blog.default\">\n\t\t\t\t<div class=\"elementor-widget-container\">\n\t\t\t\t\t\n\t\t<div class=\"wpo-blog-section\">\n\t\t\t<div class=\"container\">\n\t\t\t\t<div class=\"row align-items-center justify-content-between\">\n\t\t\t\t\t<div class=\"col-lg-6\">\n\t\t\t\t\t\t<div class=\"wpo-section-title-s2\">\n\t\t\t\t\t\t\t<h2>Aus Newsfeeds<\/h2><p>Ein Reinigungsdienstleistungsvertrag diktiert und regelt s\u00e4mtliche Vereinbarungen, Bedingungen und Dienstleistungen.<\/p>\t\t\t\t\t\t<\/div>\n\t\t\t\t\t<\/div>\n\t\t\t\t<\/div>\n\t\t\t\t<div class=\"wpo-blog-wrap wpo-blog-slide owl-carousel\">\n\t\t\t\t\t\t\t\t\t\t\t\t<div class=\"wpo-blog-item\">\n\t\t\t\t\t\t\t\t<div class=\"wpo-blog-img\">\n\t\t\t\t\t\t\t\t\t\t\t\t\t\t\t\t\t\t\t<img decoding=\"async\" class=\"img-responsive\" src=\"https:\/\/reinigung.ja-gold.de\/wp-content\/uploads\/2021\/10\/grid-post-4.jpg\" alt=\"\">\n\t\t\t\t\t\t\t\t\t\t\t\t\t\t\t\t\t<\/div>\n\t\t\t\t\t\t\t\t<div class=\"wpo-blog-text\">\n\t\t\t\t\t\t\t\t\t<h2>\n\t\t\t\t\t\t\t\t\t\t<a href=\"https:\/\/reinigung.ja-gold.de\/?p=318\">\n\t\t\t\t\t\t\t\t\t\t\tHow To Clean Your Kitchen In Under 10 Minutes\t\t\t\t\t\t\t\t\t\t<\/a>\n\t\t\t\t\t\t\t\t\t<\/h2>\n\t\t\t\t\t\t\t\t\t<ul>\n\t\t\t\t\t\t\t\t\t\t<li>\n\t\t\t\t\t\t\t\t\t\t\t<div class=\"wpo-blog-content-btm-left\">\n\t\t\t\t\t\t\t\t\t\t\t\t<div class=\"wpo-blog-content-btm-left-img\">\n\t\t\t\t\t\t\t\t\t\t\t\t\t<img decoding=\"async\" src=\"https:\/\/secure.gravatar.com\/avatar\/f512393a162fc8f75000ef6ac11e3dff43f032f9f5522e549a37132e8e3709d9?s=96&#038;d=mm&#038;r=g\" alt \/>\n\t\t\t\t\t\t\t\t\t\t\t\t<\/div>\n\t\t\t\t\t\t\t\t\t\t\t\t<div class=\"wpo-blog-content-btm-left-text\">\n\t\t\t\t\t\t\t\t\t\t\t\t\t<h4>\n\t\t\t\t\t\t\t\t\t\t\t\t\t\tjagold.hn@gmail.com\t\t\t\t\t\t\t\t\t\t\t\t\t<\/h4>\n\t\t\t\t\t\t\t\t\t\t\t\t<\/div>\n\t\t\t\t\t\t\t\t\t\t\t<\/div>\n\t\t\t\t\t\t\t\t\t\t<\/li>\n\t\t\t\t\t\t\t\t\t\t\t\t\t\t\t\t\t\t\t\t\t<li><i class=\"fa fa-calendar-o\"><\/i>06\/10\/2021<\/li>\n\t\t\t\t\t\t\t\t\t\t\t\t\t\t\t\t\t\t\t<\/ul>\n\t\t\t\t\t\t\t\t<\/div>\n\t\t\t\t\t\t\t<\/div>\n\t\t\t\t\t\t\t\t\t\t\t\t\t<div class=\"wpo-blog-item\">\n\t\t\t\t\t\t\t\t<div class=\"wpo-blog-img\">\n\t\t\t\t\t\t\t\t\t\t\t\t\t\t\t\t\t\t\t<img decoding=\"async\" class=\"img-responsive\" src=\"https:\/\/reinigung.ja-gold.de\/wp-content\/uploads\/2021\/10\/grid-post-3.jpg\" alt=\"\">\n\t\t\t\t\t\t\t\t\t\t\t\t\t\t\t\t\t<\/div>\n\t\t\t\t\t\t\t\t<div class=\"wpo-blog-text\">\n\t\t\t\t\t\t\t\t\t<h2>\n\t\t\t\t\t\t\t\t\t\t<a href=\"https:\/\/reinigung.ja-gold.de\/?p=312\">\n\t\t\t\t\t\t\t\t\t\t\tWhat to Look for in the Best Cleaner Service\t\t\t\t\t\t\t\t\t\t<\/a>\n\t\t\t\t\t\t\t\t\t<\/h2>\n\t\t\t\t\t\t\t\t\t<ul>\n\t\t\t\t\t\t\t\t\t\t<li>\n\t\t\t\t\t\t\t\t\t\t\t<div class=\"wpo-blog-content-btm-left\">\n\t\t\t\t\t\t\t\t\t\t\t\t<div class=\"wpo-blog-content-btm-left-img\">\n\t\t\t\t\t\t\t\t\t\t\t\t\t<img decoding=\"async\" src=\"https:\/\/secure.gravatar.com\/avatar\/f512393a162fc8f75000ef6ac11e3dff43f032f9f5522e549a37132e8e3709d9?s=96&#038;d=mm&#038;r=g\" alt \/>\n\t\t\t\t\t\t\t\t\t\t\t\t<\/div>\n\t\t\t\t\t\t\t\t\t\t\t\t<div class=\"wpo-blog-content-btm-left-text\">\n\t\t\t\t\t\t\t\t\t\t\t\t\t<h4>\n\t\t\t\t\t\t\t\t\t\t\t\t\t\tjagold.hn@gmail.com\t\t\t\t\t\t\t\t\t\t\t\t\t<\/h4>\n\t\t\t\t\t\t\t\t\t\t\t\t<\/div>\n\t\t\t\t\t\t\t\t\t\t\t<\/div>\n\t\t\t\t\t\t\t\t\t\t<\/li>\n\t\t\t\t\t\t\t\t\t\t\t\t\t\t\t\t\t\t\t\t\t<li><i class=\"fa fa-calendar-o\"><\/i>06\/10\/2021<\/li>\n\t\t\t\t\t\t\t\t\t\t\t\t\t\t\t\t\t\t\t<\/ul>\n\t\t\t\t\t\t\t\t<\/div>\n\t\t\t\t\t\t\t<\/div>\n\t\t\t\t\t\t\t\t\t\t\t\t\t<div class=\"wpo-blog-item\">\n\t\t\t\t\t\t\t\t<div class=\"wpo-blog-img\">\n\t\t\t\t\t\t\t\t\t\t\t\t\t\t\t\t\t\t\t<img decoding=\"async\" class=\"img-responsive\" src=\"https:\/\/reinigung.ja-gold.de\/wp-content\/uploads\/2021\/10\/grid-psot-3.jpg\" alt=\"\">\n\t\t\t\t\t\t\t\t\t\t\t\t\t\t\t\t\t<\/div>\n\t\t\t\t\t\t\t\t<div class=\"wpo-blog-text\">\n\t\t\t\t\t\t\t\t\t<h2>\n\t\t\t\t\t\t\t\t\t\t<a href=\"https:\/\/reinigung.ja-gold.de\/?p=307\">\n\t\t\t\t\t\t\t\t\t\t\tWhat Is an Apartment Cleaning Service?\t\t\t\t\t\t\t\t\t\t<\/a>\n\t\t\t\t\t\t\t\t\t<\/h2>\n\t\t\t\t\t\t\t\t\t<ul>\n\t\t\t\t\t\t\t\t\t\t<li>\n\t\t\t\t\t\t\t\t\t\t\t<div class=\"wpo-blog-content-btm-left\">\n\t\t\t\t\t\t\t\t\t\t\t\t<div class=\"wpo-blog-content-btm-left-img\">\n\t\t\t\t\t\t\t\t\t\t\t\t\t<img decoding=\"async\" src=\"https:\/\/secure.gravatar.com\/avatar\/f512393a162fc8f75000ef6ac11e3dff43f032f9f5522e549a37132e8e3709d9?s=96&#038;d=mm&#038;r=g\" alt \/>\n\t\t\t\t\t\t\t\t\t\t\t\t<\/div>\n\t\t\t\t\t\t\t\t\t\t\t\t<div class=\"wpo-blog-content-btm-left-text\">\n\t\t\t\t\t\t\t\t\t\t\t\t\t<h4>\n\t\t\t\t\t\t\t\t\t\t\t\t\t\tjagold.hn@gmail.com\t\t\t\t\t\t\t\t\t\t\t\t\t<\/h4>\n\t\t\t\t\t\t\t\t\t\t\t\t<\/div>\n\t\t\t\t\t\t\t\t\t\t\t<\/div>\n\t\t\t\t\t\t\t\t\t\t<\/li>\n\t\t\t\t\t\t\t\t\t\t\t\t\t\t\t\t\t\t\t\t\t<li><i class=\"fa fa-calendar-o\"><\/i>06\/10\/2021<\/li>\n\t\t\t\t\t\t\t\t\t\t\t\t\t\t\t\t\t\t\t<\/ul>\n\t\t\t\t\t\t\t\t<\/div>\n\t\t\t\t\t\t\t<\/div>\n\t\t\t\t\t\t\t\t\t\t\t\t<div class=\"page-pagination-wrap\">\n\t\t\t\t\t\t\t<div class=\"paginations\"><\/div>\t\t\t\t\t\t\t\t\t\t\t\t<\/div>\n\t\t\t\t<\/div>\n\t\t\t<\/div>\n\t\t\t\t\t<\/div>\n\t\t\t\t<\/div>\n\t\t\t\t\t<\/div>\n\t\t<\/div>\n\t\t\t\t\t<\/div>\n\t\t<\/section>\n\t\t\t\t<\/div>\n\t\t","protected":false},"excerpt":{"rendered":"\u00dcber 2 Jahre Erfahrung im Reinigungsservice \u00a0 JA-Gold Reinigung ist Ihr zuverl\u00e4ssiger Ansprechpartner f\u00fcr professionelle Reinigungsdienstleistungen in Heilbronn und Umgebung. Unser Anspruch ist es, durch Sauberkeit und Sorgfalt eine angenehme und hygienische Umgebung f\u00fcr unsere Kunden zu schaffen \u2013 im privaten wie im gewerblichen Bereich. Wir bieten spezialisierte Reinigungsdienste wie B\u00fcroreinigung, Fensterreinigung und Bauendreinigung an ","protected":false},"author":1,"featured_media":0,"parent":0,"menu_order":0,"comment_status":"closed","ping_status":"closed","template":"elementor_header_footer","meta":{"footnotes":""},"class_list":["post-25","page","type-page","status-publish","hentry"],"_links":{"self":[{"href":"https:\/\/reinigung.ja-gold.de\/index.php?rest_route=\/wp\/v2\/pages\/25","targetHints":{"allow":["GET"]}}],"collection":[{"href":"https:\/\/reinigung.ja-gold.de\/index.php?rest_route=\/wp\/v2\/pages"}],"about":[{"href":"https:\/\/reinigung.ja-gold.de\/index.php?rest_route=\/wp\/v2\/types\/page"}],"author":[{"embeddable":true,"href":"https:\/\/reinigung.ja-gold.de\/index.php?rest_route=\/wp\/v2\/users\/1"}],"replies":[{"embeddable":true,"href":"https:\/\/reinigung.ja-gold.de\/index.php?rest_route=%2Fwp%2Fv2%2Fcomments&post=25"}],"version-history":[{"count":10,"href":"https:\/\/reinigung.ja-gold.de\/index.php?rest_route=\/wp\/v2\/pages\/25\/revisions"}],"predecessor-version":[{"id":1002,"href":"https:\/\/reinigung.ja-gold.de\/index.php?rest_route=\/wp\/v2\/pages\/25\/revisions\/1002"}],"wp:attachment":[{"href":"https:\/\/reinigung.ja-gold.de\/index.php?rest_route=%2Fwp%2Fv2%2Fmedia&parent=25"}],"curies":[{"name":"wp","href":"https:\/\/api.w.org\/{rel}","templated":true}]}}